{"id":95,"date":"2025-02-02T22:36:14","date_gmt":"2025-02-02T22:36:14","guid":{"rendered":"https:\/\/balanmac.com\/store\/?post_type=product&#038;p=95"},"modified":"2025-10-13T19:39:26","modified_gmt":"2025-10-13T19:39:26","slug":"lexa","status":"publish","type":"product","link":"https:\/\/balanmac.com\/store\/producto\/lexa\/","title":{"rendered":"LEXA"},"content":{"rendered":"<p>Impresor T\u00e9rmico de papel cont\u00ednuo de alta Velocidad Modelo: LEX 850-USE Ideal para Restaurantes, almacenes, cocinas, tiendas, Supermercados.<\/p>\n<p>CARACTER\u00cdSTICAS:<\/p>\n<ul>\n<li>Grupo impresor t\u00e9rmico veloz y sumamente confiable<\/li>\n<li>Robusta estructura<\/li>\n<li>Ancho de Papel 80 mm<\/li>\n<li>300mm \/S de velocidad de impresi\u00f3n<\/li>\n<li>Conectividad Serie + USB + Ethernet (Mod LEX 850-USE)<\/li>\n<li>Conectividad USB + WiFi + Ethernet (Mod LEX 850-WUE-A)<\/li>\n<li>Salida para apertura de gaveta monedero<\/li>\n<li>Resoluci\u00f3n de 203dpi ( 8 pts\/mm ). Caracteres por linea : Font A- 42 o 48 L\/F, B-56 o 64 L\/F.<\/li>\n<li>Veloz Auto Cutter con vida \u00fatil de 1,000,000 de cortes<\/li>\n<li>Partes internas importantes confeccionadas en acero. Indicadores de estado y bot\u00f3n de avance de papel<\/li>\n<li>Alarma de papel. Sensor de fin de papel<\/li>\n<li>Bajo nivel de ruido.<\/li>\n<li>Gr\u00e1ficos de alta velocidad y m\u00faltiples c\u00f3digos de barra.<\/li>\n<li>Driver de comunicaci\u00f3n multiplataforma.<\/li>\n<li>Fuente de poder: 24V &#8211; 2.5A.<\/li>\n<\/ul>\n","protected":false},"excerpt":{"rendered":"<p>Impresor T\u00e9rmico de papel cont\u00ednuo de alta Velocidad Modelo: LEX 850-USE Ideal para Restaurantes, almacenes, cocinas, tiendas, Supermercados. CARACTER\u00cdSTICAS: Grupo impresor t\u00e9rmico veloz y sumamente confiable Robusta estructura Ancho de Papel 80 mm 300mm \/S de velocidad de impresi\u00f3n Conectividad Serie + USB + Ethernet (Mod LEX 850-USE) Conectividad USB + WiFi + Ethernet (Mod [&hellip;]<\/p>\n","protected":false},"featured_media":142,"comment_status":"closed","ping_status":"closed","template":"","meta":[],"product_brand":[38],"product_cat":[18],"product_tag":[64],"class_list":{"0":"post-95","1":"product","2":"type-product","3":"status-publish","4":"has-post-thumbnail","6":"product_brand-kretz","7":"product_cat-impresoras-fiscales","8":"product_tag-sin-promo","10":"first","11":"instock","12":"sale","13":"taxable","14":"shipping-taxable","15":"purchasable","16":"product-type-simple"},"_links":{"self":[{"href":"https:\/\/balanmac.com\/store\/wp-json\/wp\/v2\/product\/95","targetHints":{"allow":["GET"]}}],"collection":[{"href":"https:\/\/balanmac.com\/store\/wp-json\/wp\/v2\/product"}],"about":[{"href":"https:\/\/balanmac.com\/store\/wp-json\/wp\/v2\/types\/product"}],"replies":[{"embeddable":true,"href":"https:\/\/balanmac.com\/store\/wp-json\/wp\/v2\/comments?post=95"}],"version-history":[{"count":0,"href":"https:\/\/balanmac.com\/store\/wp-json\/wp\/v2\/product\/95\/revisions"}],"wp:featuredmedia":[{"embeddable":true,"href":"https:\/\/balanmac.com\/store\/wp-json\/wp\/v2\/media\/142"}],"wp:attachment":[{"href":"https:\/\/balanmac.com\/store\/wp-json\/wp\/v2\/media?parent=95"}],"wp:term":[{"taxonomy":"product_brand","embeddable":true,"href":"https:\/\/balanmac.com\/store\/wp-json\/wp\/v2\/product_brand?post=95"},{"taxonomy":"product_cat","embeddable":true,"href":"https:\/\/balanmac.com\/store\/wp-json\/wp\/v2\/product_cat?post=95"},{"taxonomy":"product_tag","embeddable":true,"href":"https:\/\/balanmac.com\/store\/wp-json\/wp\/v2\/product_tag?post=95"}],"curies":[{"name":"wp","href":"https:\/\/api.w.org\/{rel}","templated":true}]}}