{"id":72,"date":"2025-02-02T22:15:51","date_gmt":"2025-02-02T22:15:51","guid":{"rendered":"https:\/\/balanmac.com\/store\/?post_type=product&#038;p=72"},"modified":"2025-10-13T20:09:46","modified_gmt":"2025-10-13T20:09:46","slug":"gala","status":"publish","type":"product","link":"https:\/\/balanmac.com\/store\/producto\/gala\/","title":{"rendered":"Gala"},"content":{"rendered":"<p>Pensada como una soluci\u00f3n al control del peso de las personas. Esta balanza digital es Ideal para uso en farmacias, gimnasios y sanatorios, en los que se requiere precisi\u00f3n y resistencia. Incluye visor de inclinaci\u00f3n regulable de f\u00e1cil lectura.<\/p>\n","protected":false},"excerpt":{"rendered":"<p>Pensada como una soluci\u00f3n al control del peso de las personas. Esta balanza digital es Ideal para uso en farmacias, gimnasios y sanatorios, en los que se requiere precisi\u00f3n y resistencia. Incluye visor de inclinaci\u00f3n regulable de f\u00e1cil lectura.<\/p>\n","protected":false},"featured_media":113,"comment_status":"closed","ping_status":"closed","template":"","meta":[],"product_brand":[38],"product_cat":[16],"product_tag":[64],"class_list":{"0":"post-72","1":"product","2":"type-product","3":"status-publish","4":"has-post-thumbnail","6":"product_brand-kretz","7":"product_cat-balanzas","8":"product_tag-sin-promo","10":"first","11":"instock","12":"taxable","13":"shipping-taxable","14":"purchasable","15":"product-type-simple"},"_links":{"self":[{"href":"https:\/\/balanmac.com\/store\/wp-json\/wp\/v2\/product\/72","targetHints":{"allow":["GET"]}}],"collection":[{"href":"https:\/\/balanmac.com\/store\/wp-json\/wp\/v2\/product"}],"about":[{"href":"https:\/\/balanmac.com\/store\/wp-json\/wp\/v2\/types\/product"}],"replies":[{"embeddable":true,"href":"https:\/\/balanmac.com\/store\/wp-json\/wp\/v2\/comments?post=72"}],"version-history":[{"count":0,"href":"https:\/\/balanmac.com\/store\/wp-json\/wp\/v2\/product\/72\/revisions"}],"wp:featuredmedia":[{"embeddable":true,"href":"https:\/\/balanmac.com\/store\/wp-json\/wp\/v2\/media\/113"}],"wp:attachment":[{"href":"https:\/\/balanmac.com\/store\/wp-json\/wp\/v2\/media?parent=72"}],"wp:term":[{"taxonomy":"product_brand","embeddable":true,"href":"https:\/\/balanmac.com\/store\/wp-json\/wp\/v2\/product_brand?post=72"},{"taxonomy":"product_cat","embeddable":true,"href":"https:\/\/balanmac.com\/store\/wp-json\/wp\/v2\/product_cat?post=72"},{"taxonomy":"product_tag","embeddable":true,"href":"https:\/\/balanmac.com\/store\/wp-json\/wp\/v2\/product_tag?post=72"}],"curies":[{"name":"wp","href":"https:\/\/api.w.org\/{rel}","templated":true}]}}