{"id":71,"date":"2025-02-02T22:15:51","date_gmt":"2025-02-02T22:15:51","guid":{"rendered":"https:\/\/balanmac.com\/store\/?post_type=product&#038;p=71"},"modified":"2025-10-08T14:37:02","modified_gmt":"2025-10-08T14:37:02","slug":"impresor-termico-pic","status":"publish","type":"product","link":"https:\/\/balanmac.com\/store\/producto\/impresor-termico-pic\/","title":{"rendered":"Impresor Termico PIC"},"content":{"rendered":"<p>Dise\u00f1o compacto, alimentaci\u00f3n externa multi-voltaje &#8211; Compatible con modelos Aura ECO 2,Novel ECO 2,Delta ECO 2 y dem\u00e1s familias de productos Kretz<\/p>\n","protected":false},"excerpt":{"rendered":"<p>Dise\u00f1o compacto, alimentaci\u00f3n externa multi-voltaje &#8211; Compatible con modelos Aura ECO 2,Novel ECO 2,Delta ECO 2 y dem\u00e1s familias de productos Kretz<\/p>\n","protected":false},"featured_media":112,"comment_status":"closed","ping_status":"closed","template":"","meta":[],"product_brand":[38],"product_cat":[18,19],"product_tag":[64],"class_list":{"0":"post-71","1":"product","2":"type-product","3":"status-publish","4":"has-post-thumbnail","6":"product_brand-kretz","7":"product_cat-impresoras-fiscales","8":"product_cat-impresores-termicos","9":"product_tag-sin-promo","11":"first","12":"instock","13":"taxable","14":"shipping-taxable","15":"purchasable","16":"product-type-simple"},"_links":{"self":[{"href":"https:\/\/balanmac.com\/store\/wp-json\/wp\/v2\/product\/71","targetHints":{"allow":["GET"]}}],"collection":[{"href":"https:\/\/balanmac.com\/store\/wp-json\/wp\/v2\/product"}],"about":[{"href":"https:\/\/balanmac.com\/store\/wp-json\/wp\/v2\/types\/product"}],"replies":[{"embeddable":true,"href":"https:\/\/balanmac.com\/store\/wp-json\/wp\/v2\/comments?post=71"}],"version-history":[{"count":0,"href":"https:\/\/balanmac.com\/store\/wp-json\/wp\/v2\/product\/71\/revisions"}],"wp:featuredmedia":[{"embeddable":true,"href":"https:\/\/balanmac.com\/store\/wp-json\/wp\/v2\/media\/112"}],"wp:attachment":[{"href":"https:\/\/balanmac.com\/store\/wp-json\/wp\/v2\/media?parent=71"}],"wp:term":[{"taxonomy":"product_brand","embeddable":true,"href":"https:\/\/balanmac.com\/store\/wp-json\/wp\/v2\/product_brand?post=71"},{"taxonomy":"product_cat","embeddable":true,"href":"https:\/\/balanmac.com\/store\/wp-json\/wp\/v2\/product_cat?post=71"},{"taxonomy":"product_tag","embeddable":true,"href":"https:\/\/balanmac.com\/store\/wp-json\/wp\/v2\/product_tag?post=71"}],"curies":[{"name":"wp","href":"https:\/\/api.w.org\/{rel}","templated":true}]}}