{"id":69,"date":"2025-02-02T22:15:50","date_gmt":"2025-02-02T22:15:50","guid":{"rendered":"https:\/\/balanmac.com\/store\/?post_type=product&#038;p=69"},"modified":"2026-03-20T23:45:10","modified_gmt":"2026-03-20T23:45:10","slug":"nquire-301","status":"publish","type":"product","link":"https:\/\/balanmac.com\/store\/producto\/nquire-301\/","title":{"rendered":"NQUIRE 301"},"content":{"rendered":"<p>La nueva versi\u00f3n del Verificador de Precios conserva el 100% de compatibilidad con la version 201 y su conexi\u00f3n a Base de Datos de forma ilimitada con Itegra.<\/p>\n<p>Adem\u00e1s al tener como base un Android 4.4.2 KitKat, ofrece a las empresas infinitas posibilidades de desarrollo.<\/p>\n<p>Aprovech\u00e1 tambi\u00e9n al m\u00e1ximo su pantalla touch color de 4,3 pulgadas!<\/p>\n","protected":false},"excerpt":{"rendered":"<p>La nueva versi\u00f3n del Verificador de Precios conserva el 100% de compatibilidad con la version 201 y su conexi\u00f3n a Base de Datos de forma ilimitada con Itegra. Adem\u00e1s al tener como base un Android 4.4.2 KitKat, ofrece a las empresas infinitas posibilidades de desarrollo. Aprovech\u00e1 tambi\u00e9n al m\u00e1ximo su pantalla touch color de 4,3 [&hellip;]<\/p>\n","protected":false},"featured_media":110,"comment_status":"closed","ping_status":"closed","template":"","meta":[],"product_brand":[],"product_cat":[15],"product_tag":[64],"class_list":{"0":"post-69","1":"product","2":"type-product","3":"status-publish","4":"has-post-thumbnail","6":"product_cat-sin-categorizar","7":"product_tag-sin-promo","9":"first","10":"outofstock","11":"taxable","12":"shipping-taxable","13":"purchasable","14":"product-type-simple"},"_links":{"self":[{"href":"https:\/\/balanmac.com\/store\/wp-json\/wp\/v2\/product\/69","targetHints":{"allow":["GET"]}}],"collection":[{"href":"https:\/\/balanmac.com\/store\/wp-json\/wp\/v2\/product"}],"about":[{"href":"https:\/\/balanmac.com\/store\/wp-json\/wp\/v2\/types\/product"}],"replies":[{"embeddable":true,"href":"https:\/\/balanmac.com\/store\/wp-json\/wp\/v2\/comments?post=69"}],"version-history":[{"count":1,"href":"https:\/\/balanmac.com\/store\/wp-json\/wp\/v2\/product\/69\/revisions"}],"predecessor-version":[{"id":1149,"href":"https:\/\/balanmac.com\/store\/wp-json\/wp\/v2\/product\/69\/revisions\/1149"}],"wp:featuredmedia":[{"embeddable":true,"href":"https:\/\/balanmac.com\/store\/wp-json\/wp\/v2\/media\/110"}],"wp:attachment":[{"href":"https:\/\/balanmac.com\/store\/wp-json\/wp\/v2\/media?parent=69"}],"wp:term":[{"taxonomy":"product_brand","embeddable":true,"href":"https:\/\/balanmac.com\/store\/wp-json\/wp\/v2\/product_brand?post=69"},{"taxonomy":"product_cat","embeddable":true,"href":"https:\/\/balanmac.com\/store\/wp-json\/wp\/v2\/product_cat?post=69"},{"taxonomy":"product_tag","embeddable":true,"href":"https:\/\/balanmac.com\/store\/wp-json\/wp\/v2\/product_tag?post=69"}],"curies":[{"name":"wp","href":"https:\/\/api.w.org\/{rel}","templated":true}]}}