{"id":55,"date":"2025-02-02T22:15:42","date_gmt":"2025-02-02T22:15:42","guid":{"rendered":"https:\/\/balanmac.com\/store\/?post_type=product&#038;p=55"},"modified":"2025-09-05T06:15:25","modified_gmt":"2025-09-05T06:15:25","slug":"cenit","status":"publish","type":"product","link":"https:\/\/balanmac.com\/store\/producto\/cenit\/","title":{"rendered":"CENIT"},"content":{"rendered":"<p>Es una balanza PPI (Peso, Precio, Importe), con caracter\u00edsticas f\u00edsicas de una balanza de colgar. Ideal para aquellos negocios sin espacio en mostrador y\/o para rubros tales como verduler\u00eda, carnicer\u00eda y pescader\u00eda.<\/p>\n","protected":false},"excerpt":{"rendered":"<p>Es una balanza PPI (Peso, Precio, Importe), con caracter\u00edsticas f\u00edsicas de una balanza de colgar. Ideal para aquellos negocios sin espacio en mostrador y\/o para rubros tales como verduler\u00eda, carnicer\u00eda y pescader\u00eda.<\/p>\n","protected":false},"featured_media":80,"comment_status":"closed","ping_status":"closed","template":"","meta":[],"product_brand":[38],"product_cat":[16],"product_tag":[64],"class_list":{"0":"post-55","1":"product","2":"type-product","3":"status-publish","4":"has-post-thumbnail","6":"product_brand-kretz","7":"product_cat-balanzas","8":"product_tag-sin-promo","10":"first","11":"instock","12":"taxable","13":"shipping-taxable","14":"purchasable","15":"product-type-simple"},"_links":{"self":[{"href":"https:\/\/balanmac.com\/store\/wp-json\/wp\/v2\/product\/55","targetHints":{"allow":["GET"]}}],"collection":[{"href":"https:\/\/balanmac.com\/store\/wp-json\/wp\/v2\/product"}],"about":[{"href":"https:\/\/balanmac.com\/store\/wp-json\/wp\/v2\/types\/product"}],"replies":[{"embeddable":true,"href":"https:\/\/balanmac.com\/store\/wp-json\/wp\/v2\/comments?post=55"}],"version-history":[{"count":0,"href":"https:\/\/balanmac.com\/store\/wp-json\/wp\/v2\/product\/55\/revisions"}],"wp:featuredmedia":[{"embeddable":true,"href":"https:\/\/balanmac.com\/store\/wp-json\/wp\/v2\/media\/80"}],"wp:attachment":[{"href":"https:\/\/balanmac.com\/store\/wp-json\/wp\/v2\/media?parent=55"}],"wp:term":[{"taxonomy":"product_brand","embeddable":true,"href":"https:\/\/balanmac.com\/store\/wp-json\/wp\/v2\/product_brand?post=55"},{"taxonomy":"product_cat","embeddable":true,"href":"https:\/\/balanmac.com\/store\/wp-json\/wp\/v2\/product_cat?post=55"},{"taxonomy":"product_tag","embeddable":true,"href":"https:\/\/balanmac.com\/store\/wp-json\/wp\/v2\/product_tag?post=55"}],"curies":[{"name":"wp","href":"https:\/\/api.w.org\/{rel}","templated":true}]}}