{"id":53,"date":"2025-02-02T22:15:41","date_gmt":"2025-02-02T22:15:41","guid":{"rendered":"https:\/\/balanmac.com\/store\/?post_type=product&#038;p=53"},"modified":"2026-03-11T18:44:23","modified_gmt":"2026-03-11T18:44:23","slug":"aura-eco-2-2","status":"publish","type":"product","link":"https:\/\/balanmac.com\/store\/producto\/aura-eco-2-2\/","title":{"rendered":"AURA ECO 2"},"content":{"rendered":"<p>\u00danica Balanza de uso comercial con impresor y bater\u00eda incorporada. El impresor sigue funcionando a\u00fan bajo prolongados cortes de energ\u00eda el\u00e9ctrica. Ideal para uso en cualquier tipo de negocio que busque sumar una impresi\u00f3n de un comprobante a la operaci\u00f3n<\/p>\n","protected":false},"excerpt":{"rendered":"<p>\u00danica Balanza de uso comercial con impresor y bater\u00eda incorporada. El impresor sigue funcionando a\u00fan bajo prolongados cortes de energ\u00eda el\u00e9ctrica. Ideal para uso en cualquier tipo de negocio que busque sumar una impresi\u00f3n de un comprobante a la operaci\u00f3n<\/p>\n","protected":false},"featured_media":46,"comment_status":"closed","ping_status":"closed","template":"","meta":[],"product_brand":[38],"product_cat":[16],"product_tag":[64],"class_list":{"0":"post-53","1":"product","2":"type-product","3":"status-publish","4":"has-post-thumbnail","6":"product_brand-kretz","7":"product_cat-balanzas","8":"product_tag-sin-promo","10":"first","11":"instock","12":"shipping-taxable","13":"purchasable","14":"product-type-simple"},"_links":{"self":[{"href":"https:\/\/balanmac.com\/store\/wp-json\/wp\/v2\/product\/53","targetHints":{"allow":["GET"]}}],"collection":[{"href":"https:\/\/balanmac.com\/store\/wp-json\/wp\/v2\/product"}],"about":[{"href":"https:\/\/balanmac.com\/store\/wp-json\/wp\/v2\/types\/product"}],"replies":[{"embeddable":true,"href":"https:\/\/balanmac.com\/store\/wp-json\/wp\/v2\/comments?post=53"}],"version-history":[{"count":1,"href":"https:\/\/balanmac.com\/store\/wp-json\/wp\/v2\/product\/53\/revisions"}],"predecessor-version":[{"id":1120,"href":"https:\/\/balanmac.com\/store\/wp-json\/wp\/v2\/product\/53\/revisions\/1120"}],"wp:featuredmedia":[{"embeddable":true,"href":"https:\/\/balanmac.com\/store\/wp-json\/wp\/v2\/media\/46"}],"wp:attachment":[{"href":"https:\/\/balanmac.com\/store\/wp-json\/wp\/v2\/media?parent=53"}],"wp:term":[{"taxonomy":"product_brand","embeddable":true,"href":"https:\/\/balanmac.com\/store\/wp-json\/wp\/v2\/product_brand?post=53"},{"taxonomy":"product_cat","embeddable":true,"href":"https:\/\/balanmac.com\/store\/wp-json\/wp\/v2\/product_cat?post=53"},{"taxonomy":"product_tag","embeddable":true,"href":"https:\/\/balanmac.com\/store\/wp-json\/wp\/v2\/product_tag?post=53"}],"curies":[{"name":"wp","href":"https:\/\/api.w.org\/{rel}","templated":true}]}}