{"id":525,"date":"2025-03-14T18:44:33","date_gmt":"2025-03-14T18:44:33","guid":{"rendered":"https:\/\/balanmac.com\/store\/?post_type=product&#038;p=525"},"modified":"2025-10-08T13:02:35","modified_gmt":"2025-10-08T13:02:35","slug":"report-lt-30kgtcp","status":"publish","type":"product","link":"https:\/\/balanmac.com\/store\/producto\/report-lt-30kgtcp\/","title":{"rendered":"Report LT 30kgTCP"},"content":{"rendered":"<p><strong>CARACTER\u00cdSTICAS GENERALES<\/strong><br \/>\n\u2022Impresor t\u00e9rmico incorporado con detecci\u00f3n autom\u00e1tica de etiquetas<br \/>\n\u2022Impresi\u00f3n de etiquetas t\u00e9rmica autoadhesivas<br \/>\n\u2022Impresi\u00f3n de papel t\u00e9rmico continuo<br \/>\n\u2022108 teclas para PLU directo<br \/>\n\u2022Memoria para 5000 PLUs<br \/>\n\u2022Reportes de ventas<br \/>\n\u2022Comunicaci\u00f3n USB y Bluetooth<br \/>\n\u202236 vendedores simult\u00e1neos<br \/>\n\u2022Funci\u00f3n Pre empaque<br \/>\n\u2022Precio alternativo, manual y por rangos<br \/>\n\u2022Gesti\u00f3n de n\u00famero de lote<br \/>\n\u2022Tablas nutricionales, ingredientes, textos libres y fijos<br \/>\n\u2022Impresi\u00f3n de c\u00f3digo EAN 13 o Code 128<br \/>\n\u2022Posibilidad de imprimir logo del comercio, nombre del<br \/>\nvendedor, fecha, hora y vencimiento<br \/>\n\u2022Impresi\u00f3n de ticket, copia de ticket y tal\u00f3n ticket<br \/>\n\u2022Mensajes publicitarios programables<br \/>\n\u2022Suma de art\u00edculos pesables y no pesables<\/p>\n","protected":false},"excerpt":{"rendered":"<p>CARACTER\u00cdSTICAS GENERALES \u2022Impresor t\u00e9rmico incorporado con detecci\u00f3n autom\u00e1tica de etiquetas \u2022Impresi\u00f3n de etiquetas t\u00e9rmica autoadhesivas \u2022Impresi\u00f3n de papel t\u00e9rmico continuo \u2022108 teclas para PLU directo \u2022Memoria para 5000 PLUs \u2022Reportes de ventas \u2022Comunicaci\u00f3n USB y Bluetooth \u202236 vendedores simult\u00e1neos \u2022Funci\u00f3n Pre empaque \u2022Precio alternativo, manual y por rangos \u2022Gesti\u00f3n de n\u00famero de lote \u2022Tablas nutricionales, [&hellip;]<\/p>\n","protected":false},"featured_media":261,"comment_status":"open","ping_status":"closed","template":"","meta":[],"product_brand":[38],"product_cat":[16],"product_tag":[64],"class_list":{"0":"post-525","1":"product","2":"type-product","3":"status-publish","4":"has-post-thumbnail","6":"product_brand-kretz","7":"product_cat-balanzas","8":"product_tag-sin-promo","10":"first","11":"instock","12":"taxable","13":"shipping-taxable","14":"purchasable","15":"product-type-simple"},"_links":{"self":[{"href":"https:\/\/balanmac.com\/store\/wp-json\/wp\/v2\/product\/525","targetHints":{"allow":["GET"]}}],"collection":[{"href":"https:\/\/balanmac.com\/store\/wp-json\/wp\/v2\/product"}],"about":[{"href":"https:\/\/balanmac.com\/store\/wp-json\/wp\/v2\/types\/product"}],"replies":[{"embeddable":true,"href":"https:\/\/balanmac.com\/store\/wp-json\/wp\/v2\/comments?post=525"}],"version-history":[{"count":0,"href":"https:\/\/balanmac.com\/store\/wp-json\/wp\/v2\/product\/525\/revisions"}],"wp:featuredmedia":[{"embeddable":true,"href":"https:\/\/balanmac.com\/store\/wp-json\/wp\/v2\/media\/261"}],"wp:attachment":[{"href":"https:\/\/balanmac.com\/store\/wp-json\/wp\/v2\/media?parent=525"}],"wp:term":[{"taxonomy":"product_brand","embeddable":true,"href":"https:\/\/balanmac.com\/store\/wp-json\/wp\/v2\/product_brand?post=525"},{"taxonomy":"product_cat","embeddable":true,"href":"https:\/\/balanmac.com\/store\/wp-json\/wp\/v2\/product_cat?post=525"},{"taxonomy":"product_tag","embeddable":true,"href":"https:\/\/balanmac.com\/store\/wp-json\/wp\/v2\/product_tag?post=525"}],"curies":[{"name":"wp","href":"https:\/\/api.w.org\/{rel}","templated":true}]}}