{"id":1319,"date":"2026-05-12T02:18:39","date_gmt":"2026-05-12T02:18:39","guid":{"rendered":"https:\/\/balanmac.com\/store\/?post_type=product&#038;p=1319"},"modified":"2026-05-12T04:30:40","modified_gmt":"2026-05-12T04:30:40","slug":"autoreport-lite","status":"publish","type":"product","link":"https:\/\/balanmac.com\/store\/producto\/autoreport-lite\/","title":{"rendered":"AutoReport Lite"},"content":{"rendered":"<blockquote><p><strong>IMPORTANTE ESTE ARTICULO NO SE ENV\u00cdA POR CORREO, COORDINAR ENVI\u00d3 POR PRIVADO<\/strong><\/p><\/blockquote>\n<div style=\"width: 720px;\" class=\"wp-video\"><video class=\"wp-video-shortcode\" id=\"video-1319-1\" width=\"720\" height=\"1280\" preload=\"metadata\" controls=\"controls\"><source type=\"video\/mp4\" src=\"https:\/\/balanmac.com\/store\/wp-content\/uploads\/2026\/05\/Autoreport-Lite.mp4?_=1\" \/><a href=\"https:\/\/balanmac.com\/store\/wp-content\/uploads\/2026\/05\/Autoreport-Lite.mp4\">https:\/\/balanmac.com\/store\/wp-content\/uploads\/2026\/05\/Autoreport-Lite.mp4<\/a><\/video><\/div>\n<p><strong>Caracter\u00edsticas T\u00e9cnicas<\/strong><\/p>\n<p>Gabinete<br \/>\nMaterial: ABS de gran resistencia<\/p>\n<p>Grupo impresor<br \/>\nImpresor t\u00e9rmico incorporado Impresi\u00f3n: 56 x 120 mm (M\u00e1x.)<br \/>\nInsumo: papel t\u00e9rmico y etiquetas autoadhesivas<br \/>\nVelocidad de impresi\u00f3n: 100 mm por segundo<\/p>\n<p>Capacidades<br \/>\nMultirango 15 kg x 5g-6 kg x 2g (opcional 30 kg)<br \/>\nFuente de alimentaci\u00f3n externa<br \/>\nEntrada: 100 a 240 Vca, 50 a 60 Hz<br \/>\nPotencia: 60 W<br \/>\nSalida: DC 12V 5A<br \/>\nComunicaci\u00f3n<br \/>\nWiFi: 2,4 GHz IEEE 802.11b\/g<br \/>\n(opcional wpa2 enterprise)<br \/>\nLAN: 2x Ethernet 10\/100 Base T<\/p>\n<p>CPU<br \/>\nMultimedia: Intel\u00ae Celeron\u00ae Processor J6412<br \/>\nPesaje: ARM CORTEX M3 &#8211; 96 MHz<br \/>\nSistema Operativo: Embebido<\/p>\n<p>Pantalla<br \/>\n\u00c1rea activa: 345 (H) x 194,4 (V)<br \/>\nResoluci\u00f3n: 1920 (H) x 1080 (V)<br \/>\nBrillo \/ Contraste: 500 cd\/m2 \/ 1200:1<br \/>\nVida \u00fatil del LED: 50.000 horas<br \/>\nPanel t\u00e1ctil: PCAP<br \/>\nProtecci\u00f3n: IP68<br \/>\nMaterial: Metal<\/p>\n<p>Memoria<br \/>\nMultimedia: SDRAM 4GB DDR3<br \/>\nPesaje: 2MB &#8211; 4MB &#8211; 6MB<\/p>\n<p>Almacenamiento<br \/>\nMultimedia: 120GB SATA SSD<br \/>\nPesaje: 2MB &#8211; 4MB &#8211; 6MB<br \/>\nT de operaci\u00f3n<br \/>\n5 a 40 \u00b0C<br \/>\nHumedad: 10 a 85%<\/p>\n<p>Bandeja<br \/>\nAcero inoxidable de 250 x 395 mm<\/p>\n<p>Tama\u00f1o<br \/>\nDimensiones: 416 mm x 545 mm x 750 mm Peso: 16 kg<\/p>\n","protected":false},"excerpt":{"rendered":"<p>IMPORTANTE ESTE ARTICULO NO SE ENV\u00cdA POR CORREO, COORDINAR ENVI\u00d3 POR PRIVADO Caracter\u00edsticas T\u00e9cnicas Gabinete Material: ABS de gran resistencia Grupo impresor Impresor t\u00e9rmico incorporado Impresi\u00f3n: 56 x 120 mm (M\u00e1x.) Insumo: papel t\u00e9rmico y etiquetas autoadhesivas Velocidad de impresi\u00f3n: 100 mm por segundo Capacidades Multirango 15 kg x 5g-6 kg x 2g (opcional 30 [&hellip;]<\/p>\n","protected":false},"featured_media":1321,"comment_status":"closed","ping_status":"closed","template":"","meta":[],"product_brand":[38],"product_cat":[16],"product_tag":[63],"class_list":{"0":"post-1319","1":"product","2":"type-product","3":"status-publish","4":"has-post-thumbnail","6":"product_brand-kretz","7":"product_cat-balanzas","8":"product_tag-promociones","9":"product_shipping_class-pesados-voluminosos","11":"first","12":"instock","13":"taxable","14":"shipping-taxable","15":"purchasable","16":"product-type-simple"},"_links":{"self":[{"href":"https:\/\/balanmac.com\/store\/wp-json\/wp\/v2\/product\/1319","targetHints":{"allow":["GET"]}}],"collection":[{"href":"https:\/\/balanmac.com\/store\/wp-json\/wp\/v2\/product"}],"about":[{"href":"https:\/\/balanmac.com\/store\/wp-json\/wp\/v2\/types\/product"}],"replies":[{"embeddable":true,"href":"https:\/\/balanmac.com\/store\/wp-json\/wp\/v2\/comments?post=1319"}],"version-history":[{"count":7,"href":"https:\/\/balanmac.com\/store\/wp-json\/wp\/v2\/product\/1319\/revisions"}],"predecessor-version":[{"id":1325,"href":"https:\/\/balanmac.com\/store\/wp-json\/wp\/v2\/product\/1319\/revisions\/1325"}],"wp:featuredmedia":[{"embeddable":true,"href":"https:\/\/balanmac.com\/store\/wp-json\/wp\/v2\/media\/1321"}],"wp:attachment":[{"href":"https:\/\/balanmac.com\/store\/wp-json\/wp\/v2\/media?parent=1319"}],"wp:term":[{"taxonomy":"product_brand","embeddable":true,"href":"https:\/\/balanmac.com\/store\/wp-json\/wp\/v2\/product_brand?post=1319"},{"taxonomy":"product_cat","embeddable":true,"href":"https:\/\/balanmac.com\/store\/wp-json\/wp\/v2\/product_cat?post=1319"},{"taxonomy":"product_tag","embeddable":true,"href":"https:\/\/balanmac.com\/store\/wp-json\/wp\/v2\/product_tag?post=1319"}],"curies":[{"name":"wp","href":"https:\/\/api.w.org\/{rel}","templated":true}]}}